{"id":934,"date":"2018-02-15T17:49:29","date_gmt":"2018-02-15T16:49:29","guid":{"rendered":"http:\/\/www.annecytechnology.com\/mentions-legales\/"},"modified":"2018-04-04T11:38:38","modified_gmt":"2018-04-04T09:38:38","slug":"legal-disclaimer","status":"publish","type":"page","link":"https:\/\/www.annecytechnology.com\/en\/legal-disclaimer\/","title":{"rendered":"Legal disclaimer"},"content":{"rendered":"<p>[vc_row][vc_column width=&#8221;1\/2&#8243;][vc_text_separator title=&#8221;Raison sociale&#8221; color=&#8221;black&#8221;][vc_column_text]<\/p>\n<p style=\"text-align: center;\"><em><strong>ANNECY TECHNOLOGY<\/strong><\/em><br \/>\nrepr\u00e9sent\u00e9 par <em>M. SIGNORINI Guillaume<\/em>.<\/p>\n<p>[\/vc_column_text][vc_column_text]<\/p>\n<p style=\"text-align: center;\"><strong>Forme juridique :<\/strong><br \/>\nSASU<\/p>\n<p style=\"text-align: center;\"><strong>Montant du capital social :<\/strong><br \/>\n500 000 \u20ac<\/p>\n<p style=\"text-align: center;\"><strong>Nom et adresse de l&#8217;autorit\u00e9 nous ayant d\u00e9livr\u00e9 l&#8217;autorisation d&#8217;exercer :<\/strong><br \/>\nTribunal du commerce d&#8217;Annecy<\/p>\n<p>[\/vc_column_text][vc_column_text]<\/p>\n<p style=\"text-align: center;\"><strong>Num\u00e9ro d&#8217;inscription au registre du commerce et des soci\u00e9t\u00e9s (RCS) :<\/strong><br \/>\n538521253<\/p>\n<p style=\"text-align: center;\"><strong>Num\u00e9ro individuel d&#8217;identification fiscale :<\/strong><br \/>\nFR59 538521253<\/p>\n<p>[\/vc_column_text][\/vc_column][vc_column width=&#8221;1\/2&#8243;][vc_text_separator title=&#8221;Contacts&#8221; color=&#8221;black&#8221;][vc_column_text]<\/p>\n<p style=\"text-align: center;\"><strong><em>ANNECY TECHNOLOGY<\/em> <\/strong><br \/>\n1, rue du Pr\u00e9 Paillard<br \/>\nPAE Les Glaisins ANNECY-LE-VIEUX<br \/>\n74940 ANNECY FRANCE<\/p>\n<p style=\"text-align: center;\"><a href=\"mailto:info@annecytechnology.com\">info@annecytechnology.com<\/a><\/p>\n<p style=\"text-align: center;\"><strong>T\u00e9l.<\/strong> +33(0)4 50 64 01 41<br \/>\n<strong>Fax.<\/strong> +33(0)4 50 64 10 54<\/p>\n<p>[\/vc_column_text][\/vc_column][\/vc_row][vc_row][vc_column width=&#8221;1\/2&#8243;][vc_text_separator title=&#8221;Conception &amp; D\u00e9veloppement&#8221; color=&#8221;black&#8221;][vc_column_text]<\/p>\n<p style=\"text-align: center;\"><em><strong>Signature Communication<br \/>\n<\/strong><\/em>10 rue des Gli\u00e8res<br \/>\n74000 Annecy<\/p>\n<p style=\"text-align: center;\"><a href=\"mailto:hello@signature-com.com\">hello@signature-com.com<\/a><\/p>\n<p style=\"text-align: center;\"><strong>Tel.<\/strong> 04 50 11 75 63<\/p>\n<p>[\/vc_column_text][\/vc_column][vc_column width=&#8221;1\/2&#8243;][vc_text_separator title=&#8221;H\u00e9bergement&#8221; color=&#8221;black&#8221;][vc_column_text]<\/p>\n<p style=\"text-align: center;\"><strong>OVH<\/strong><br \/>\nSAS au capital de 10 069 020 \u20ac<br \/>\nRCS Lille M\u00e9tropole 424 761 419 00045<br \/>\nCode APE 2620Z<br \/>\nN\u00b0 TVA : FR 22 424 761 419<br \/>\nSi\u00e8ge social : 2 rue Kellermann \u2013 59100 Roubaix \u2013 France<\/p>\n<p>[\/vc_column_text][\/vc_column][\/vc_row]<\/p>\n","protected":false},"excerpt":{"rendered":"<p>[vc_row][vc_column width=&#8221;1\/2&#8243;][vc_text_separator title=&#8221;Raison sociale&#8221; color=&#8221;black&#8221;][vc_column_text] ANNECY TECHNOLOGY repr\u00e9sent\u00e9 par M. SIGNORINI Guillaume. [\/vc_column_text][vc_column_text] Forme juridique : SASU Montant du capital social : 500 000 \u20ac Nom et adresse de l&#8217;autorit\u00e9 nous ayant d\u00e9livr\u00e9 l&#8217;autorisation d&#8217;exercer : Tribunal du commerce d&#8217;Annecy [\/vc_column_text][vc_column_text] Num\u00e9ro d&#8217;inscription au registre du commerce et des soci\u00e9t\u00e9s (RCS) : 538521253 Num\u00e9ro individuel [&hellip;]<\/p>\n","protected":false},"author":8,"featured_media":0,"parent":0,"menu_order":9,"comment_status":"closed","ping_status":"closed","template":"","meta":{"_acf_changed":false,"_monsterinsights_skip_tracking":false,"_monsterinsights_sitenote_active":false,"_monsterinsights_sitenote_note":"","_monsterinsights_sitenote_category":0,"footnotes":""},"class_list":["post-934","page","type-page","status-publish","hentry"],"acf":[],"aioseo_notices":[],"_links":{"self":[{"href":"https:\/\/www.annecytechnology.com\/en\/wp-json\/wp\/v2\/pages\/934","targetHints":{"allow":["GET"]}}],"collection":[{"href":"https:\/\/www.annecytechnology.com\/en\/wp-json\/wp\/v2\/pages"}],"about":[{"href":"https:\/\/www.annecytechnology.com\/en\/wp-json\/wp\/v2\/types\/page"}],"author":[{"embeddable":true,"href":"https:\/\/www.annecytechnology.com\/en\/wp-json\/wp\/v2\/users\/8"}],"replies":[{"embeddable":true,"href":"https:\/\/www.annecytechnology.com\/en\/wp-json\/wp\/v2\/comments?post=934"}],"version-history":[{"count":1,"href":"https:\/\/www.annecytechnology.com\/en\/wp-json\/wp\/v2\/pages\/934\/revisions"}],"predecessor-version":[{"id":935,"href":"https:\/\/www.annecytechnology.com\/en\/wp-json\/wp\/v2\/pages\/934\/revisions\/935"}],"wp:attachment":[{"href":"https:\/\/www.annecytechnology.com\/en\/wp-json\/wp\/v2\/media?parent=934"}],"curies":[{"name":"wp","href":"https:\/\/api.w.org\/{rel}","templated":true}]}}