{"id":909,"date":"2018-02-15T17:49:29","date_gmt":"2018-02-15T16:49:29","guid":{"rendered":"http:\/\/www.annecytechnology.com\/nos-savoir-faire\/"},"modified":"2018-04-04T11:04:21","modified_gmt":"2018-04-04T09:04:21","slug":"our-know-how","status":"publish","type":"page","link":"https:\/\/www.annecytechnology.com\/en\/our-know-how\/","title":{"rendered":"Our Know How"},"content":{"rendered":"<p>Cette page n&#8217;a pas vocation \u00e0 \u00eatre affich\u00e9.<br \/>\nThis page is not for display.<\/p>\n<p>Si vous visualisez ceci, merci de suivre le lien ci-contre <a href=\"https:\/\/www.annecytechnology.com\/\">&#8220;Accueil de notre site&#8221;<\/a><br \/>\nGo back to the <a href=\"https:\/\/www.annecytechnology.com\/?lang=en\">home<\/a>.<\/p>\n","protected":false},"excerpt":{"rendered":"<p>Cette page n&#8217;a pas vocation \u00e0 \u00eatre affich\u00e9. This page is not for display. Si vous visualisez ceci, merci de suivre le lien ci-contre &#8220;Accueil de notre site&#8221; Go back to the home.<\/p>\n","protected":false},"author":8,"featured_media":0,"parent":0,"menu_order":2,"comment_status":"closed","ping_status":"closed","template":"","meta":{"_acf_changed":false,"_monsterinsights_skip_tracking":false,"_monsterinsights_sitenote_active":false,"_monsterinsights_sitenote_note":"","_monsterinsights_sitenote_category":0,"footnotes":""},"class_list":["post-909","page","type-page","status-publish","hentry"],"acf":[],"aioseo_notices":[],"_links":{"self":[{"href":"https:\/\/www.annecytechnology.com\/en\/wp-json\/wp\/v2\/pages\/909","targetHints":{"allow":["GET"]}}],"collection":[{"href":"https:\/\/www.annecytechnology.com\/en\/wp-json\/wp\/v2\/pages"}],"about":[{"href":"https:\/\/www.annecytechnology.com\/en\/wp-json\/wp\/v2\/types\/page"}],"author":[{"embeddable":true,"href":"https:\/\/www.annecytechnology.com\/en\/wp-json\/wp\/v2\/users\/8"}],"replies":[{"embeddable":true,"href":"https:\/\/www.annecytechnology.com\/en\/wp-json\/wp\/v2\/comments?post=909"}],"version-history":[{"count":2,"href":"https:\/\/www.annecytechnology.com\/en\/wp-json\/wp\/v2\/pages\/909\/revisions"}],"predecessor-version":[{"id":911,"href":"https:\/\/www.annecytechnology.com\/en\/wp-json\/wp\/v2\/pages\/909\/revisions\/911"}],"wp:attachment":[{"href":"https:\/\/www.annecytechnology.com\/en\/wp-json\/wp\/v2\/media?parent=909"}],"curies":[{"name":"wp","href":"https:\/\/api.w.org\/{rel}","templated":true}]}}